{"id":1328,"date":"2016-01-13T14:06:45","date_gmt":"2016-01-13T14:06:45","guid":{"rendered":"http:\/\/www.ppa.world\/pt-pt\/sport-management\/"},"modified":"2017-11-23T07:43:50","modified_gmt":"2017-11-23T07:43:50","slug":"sport-management","status":"publish","type":"page","link":"http:\/\/www.ppa.world\/pt-pt\/sport-management\/","title":{"rendered":"PPA GEST\u00c3O DESPORTIVA"},"content":{"rendered":"<p>Ao longo das \u00faltimas 4 d\u00e9cadas a <strong>PPA.WORLD<\/strong> tem vindo a oferecer uma elevada gama de servi\u00e7os aos jogadores de futebol, treinadores e diretores a n\u00edvel internacional, permitindo-lhes desenvolver com sucesso as suas carreiras e atingirem os mais altos benef\u00edcios.<\/p>\n<p>Baseada em c\u00f3digos de \u00e9tica e numa estreita rela\u00e7\u00e3o com os seus clientes, a <strong>PPA.WORLD<\/strong> oferece solu\u00e7\u00f5es individuais para conduzi-los aos melhores resultados.<\/p>\n<p>O Futebol e todos os Desportos s\u00e3o \u00e1reas totalmente profissionais, onde cada participante precisa de um parceiro profissionalmente forte e eficiente capaz de proteger os seus interesses e oferecer as melhores solu\u00e7\u00f5es, utilizando um elevado conhecimento e uma vasta experi\u00eancia.<\/p>\n<p>A <strong>PPA.WORLD<\/strong> provou, atrav\u00e9s de um trabalho excecional e sucessos significativos, que \u00e9 uma excelente especialista no reconhecimento de talentos, recrutamento de profissionais, planeamento de carreiras e desenvolvimento de jovens jogadores de futebol.<\/p>\n","protected":false},"excerpt":{"rendered":"<p>Ao longo das \u00faltimas 4 d\u00e9cadas a PPA.WORLD tem vindo a oferecer uma elevada gama de servi\u00e7os aos jogadores de futebol, treinadores e diretores a n\u00edvel internacional, permitindo-lhes desenvolver com sucesso as suas carreiras e atingirem os mais altos benef\u00edcios. Baseada em c\u00f3digos de \u00e9tica e numa estreita rela\u00e7\u00e3o com os seus clientes, a PPA.WORLD &hellip; <a href=\"http:\/\/www.ppa.world\/pt-pt\/sport-management\/\" class=\"more-link\">&#8230;<\/a><\/p>\n","protected":false},"author":1,"featured_media":0,"parent":0,"menu_order":0,"comment_status":"closed","ping_status":"closed","template":"","meta":[],"acf":[],"_links":{"self":[{"href":"http:\/\/www.ppa.world\/pt-pt\/wp-json\/wp\/v2\/pages\/1328"}],"collection":[{"href":"http:\/\/www.ppa.world\/pt-pt\/wp-json\/wp\/v2\/pages"}],"about":[{"href":"http:\/\/www.ppa.world\/pt-pt\/wp-json\/wp\/v2\/types\/page"}],"author":[{"embeddable":true,"href":"http:\/\/www.ppa.world\/pt-pt\/wp-json\/wp\/v2\/users\/1"}],"replies":[{"embeddable":true,"href":"http:\/\/www.ppa.world\/pt-pt\/wp-json\/wp\/v2\/comments?post=1328"}],"version-history":[{"count":0,"href":"http:\/\/www.ppa.world\/pt-pt\/wp-json\/wp\/v2\/pages\/1328\/revisions"}],"wp:attachment":[{"href":"http:\/\/www.ppa.world\/pt-pt\/wp-json\/wp\/v2\/media?parent=1328"}],"curies":[{"name":"wp","href":"https:\/\/api.w.org\/{rel}","templated":true}]}}