{"id":1682,"date":"2016-03-24T13:40:37","date_gmt":"2016-03-24T13:40:37","guid":{"rendered":"http:\/\/www.ppa.world\/pt-pt\/sport-management\/paskal-papadopoulos\/"},"modified":"2017-11-23T07:43:58","modified_gmt":"2017-11-23T07:43:58","slug":"paskal-papadopoulos","status":"publish","type":"page","link":"http:\/\/www.ppa.world\/pt-pt\/sport-management\/paskal-papadopoulos\/","title":{"rendered":"Paskal Papadopoulos"},"content":{"rendered":"<p><strong>Paskal Papadopoulos<\/strong>, nascido em 1954 \u00e9 o fundador e propriet\u00e1rio da <strong>PPA.WORLD.<\/strong> Estudou t\u00e9cnica na Universidade de Innsbruck, na \u00c1ustria e engenharia civil na Universidade Metsovio de Atenas. Portanto, fala fluentemente grego, alem\u00e3o e ingl\u00eas.<\/p>\n<p>Trabalhou como jornalista e correspondente estrangeiro para jornais na \u00c1ustria, Alemanha e Gr\u00e9cia tais como Salzburger Nachrichten, Kicker, TA NEA, OMADA e outros. Paskal Papadopoulos tornou-se um dos primeiros AGENTES DA FIFA n\u00e3o s\u00f3 na EUROPA como em todo o mundo, alcan\u00e7ando a sua primeira transfer\u00eancia em 1978 ao deslocar um jogador austr\u00edaco para a Gr\u00e9cia.<\/p>\n<p>Sendo um AGENTE DA FIFA, primeiro na GR\u00c9CIA e mais tarde no CHIPRE, concluiu at\u00e9 \u00e0 atualidade cerca de 400 transfer\u00eancias, a maioria delas a baterem recordes financeiros. Durante a sua longa carreira trabalhou com os maiores clubes da Europa tais como o Bayern de Munique, Borussia Dortmund, F.C. Barcelona, F.C. Porto, A.C. M\u00f3naco e tem colaborado com muitos outros importantes clubes Europeus.<\/p>\n<p>Na sua vida profissional e privada tem estado ligado a personalidades como Arsen Wenger, Sir Alex Ferguson, Franz Beckenbauer, Didi Mateschitz, Michael Gorbatsov, Edi Rama, Mikis Theodorakis e muitas outras figuras de destaque.<\/p>\n<p>Paskal Papadopoulos foi o primeiro agente que trouxe famosos clubes de futebol para campos de treino na \u00c1ustria, Su\u00ed\u00e7a, Alemanha, Gr\u00e9cia e Chipre. Foi tamb\u00e9m foi o primeiro agente desportivo que organizou nesses pa\u00edses jogos internacionais e torneios amig\u00e1veis.<\/p>\n<p>Al\u00e9m disso, em 1992 introduziu a Ind\u00fastria Publicit\u00e1ria e Televisiva nos Principais Clubes de Futebol e Federa\u00e7\u00f5es Europeus tais como a Gr\u00e9cia, Chipre, Alb\u00e2nia, Rom\u00e9nia e outros.<\/p>\n<p>Atrav\u00e9s dos anos expandiu tamb\u00e9m os seus campos de a\u00e7\u00e3o para outros eventos desportivos, constru\u00e7\u00f5es, imobili\u00e1rio e com\u00e9rcio internacional.<\/p>\n","protected":false},"excerpt":{"rendered":"<p>Paskal Papadopoulos, nascido em 1954 \u00e9 o fundador e propriet\u00e1rio da PPA.WORLD. Estudou t\u00e9cnica na Universidade de Innsbruck, na \u00c1ustria e engenharia civil na Universidade Metsovio de Atenas. Portanto, fala fluentemente grego, alem\u00e3o e ingl\u00eas. Trabalhou como jornalista e correspondente estrangeiro para jornais na \u00c1ustria, Alemanha e Gr\u00e9cia tais como Salzburger Nachrichten, Kicker, TA NEA, &hellip; <a href=\"http:\/\/www.ppa.world\/pt-pt\/sport-management\/paskal-papadopoulos\/\" class=\"more-link\">&#8230;<\/a><\/p>\n","protected":false},"author":1,"featured_media":0,"parent":1328,"menu_order":0,"comment_status":"closed","ping_status":"closed","template":"","meta":[],"acf":[],"_links":{"self":[{"href":"http:\/\/www.ppa.world\/pt-pt\/wp-json\/wp\/v2\/pages\/1682"}],"collection":[{"href":"http:\/\/www.ppa.world\/pt-pt\/wp-json\/wp\/v2\/pages"}],"about":[{"href":"http:\/\/www.ppa.world\/pt-pt\/wp-json\/wp\/v2\/types\/page"}],"author":[{"embeddable":true,"href":"http:\/\/www.ppa.world\/pt-pt\/wp-json\/wp\/v2\/users\/1"}],"replies":[{"embeddable":true,"href":"http:\/\/www.ppa.world\/pt-pt\/wp-json\/wp\/v2\/comments?post=1682"}],"version-history":[{"count":0,"href":"http:\/\/www.ppa.world\/pt-pt\/wp-json\/wp\/v2\/pages\/1682\/revisions"}],"up":[{"embeddable":true,"href":"http:\/\/www.ppa.world\/pt-pt\/wp-json\/wp\/v2\/pages\/1328"}],"wp:attachment":[{"href":"http:\/\/www.ppa.world\/pt-pt\/wp-json\/wp\/v2\/media?parent=1682"}],"curies":[{"name":"wp","href":"https:\/\/api.w.org\/{rel}","templated":true}]}}