{"id":1262,"date":"2015-12-01T09:17:42","date_gmt":"2015-12-01T09:17:42","guid":{"rendered":"http:\/\/www.ppa.world\/pt-pt\/home\/"},"modified":"2016-04-13T08:44:00","modified_gmt":"2016-04-13T08:44:00","slug":"home-2","status":"publish","type":"page","link":"https:\/\/www.ppa.world\/pt-pt\/","title":{"rendered":"PPA.WORLD &#8211; AGENTE DE FUTEBOL"},"content":{"rendered":"<p>Fundada em 1978 por Paskal Papadopoulos, a <strong>PPA.WORLD<\/strong> \u00e9 a empresa de gest\u00e3o desportiva l\u00edder nos seus territ\u00f3rios, representando jogadores de futebol internacionais a n\u00edvel mundial.<\/p>\n<p>Com sede no Dubai EAU, a empresa tamb\u00e9m possui escrit\u00f3rios europeus no Chipre. Tendo-se iniciado como um agente de futebol, a <strong>PPA.WORLD<\/strong> expandiu as suas actividades empresariais a todo o tipo de \u00e1reas desportivas.<\/p>\n","protected":false},"excerpt":{"rendered":"<p>Fundada em 1978 por Paskal Papadopoulos, a PPA.WORLD \u00e9 a empresa de gest\u00e3o desportiva l\u00edder nos seus territ\u00f3rios, representando jogadores de futebol internacionais a n\u00edvel mundial. Com sede no Dubai EAU, a empresa tamb\u00e9m possui escrit\u00f3rios europeus no Chipre. Tendo-se iniciado como um agente de futebol, a PPA.WORLD expandiu as suas actividades empresariais a todo &hellip; <a href=\"https:\/\/www.ppa.world\/pt-pt\/\" class=\"more-link\">&#8230;<\/a><\/p>\n","protected":false},"author":1,"featured_media":0,"parent":0,"menu_order":0,"comment_status":"closed","ping_status":"closed","template":"","meta":[],"acf":[],"_links":{"self":[{"href":"https:\/\/www.ppa.world\/pt-pt\/wp-json\/wp\/v2\/pages\/1262"}],"collection":[{"href":"https:\/\/www.ppa.world\/pt-pt\/wp-json\/wp\/v2\/pages"}],"about":[{"href":"https:\/\/www.ppa.world\/pt-pt\/wp-json\/wp\/v2\/types\/page"}],"author":[{"embeddable":true,"href":"https:\/\/www.ppa.world\/pt-pt\/wp-json\/wp\/v2\/users\/1"}],"replies":[{"embeddable":true,"href":"https:\/\/www.ppa.world\/pt-pt\/wp-json\/wp\/v2\/comments?post=1262"}],"version-history":[{"count":0,"href":"https:\/\/www.ppa.world\/pt-pt\/wp-json\/wp\/v2\/pages\/1262\/revisions"}],"wp:attachment":[{"href":"https:\/\/www.ppa.world\/pt-pt\/wp-json\/wp\/v2\/media?parent=1262"}],"curies":[{"name":"wp","href":"https:\/\/api.w.org\/{rel}","templated":true}]}}